{"id":15445,"date":"2015-05-27T07:13:27","date_gmt":"2015-05-27T07:13:27","guid":{"rendered":"http:\/\/demo.qodeinteractive.com\/bridge108\/?page_id=15445"},"modified":"2022-09-14T18:34:43","modified_gmt":"2022-09-14T15:34:43","slug":"contact","status":"publish","type":"page","link":"https:\/\/trefinland.fi\/?page_id=15445","title":{"rendered":"Yhteystiedot"},"content":{"rendered":"<p>[vc_row css_animation=&#8221;&#8221; row_type=&#8221;row&#8221; use_row_as_full_screen_section=&#8221;no&#8221; type=&#8221;grid&#8221; angled_section=&#8221;no&#8221; text_align=&#8221;left&#8221; background_image_as_pattern=&#8221;without_pattern&#8221; qaparallax_content_width=&#8221;in_grid&#8221; padding_top=&#8221;80&#8243; padding_bottom=&#8221;49&#8243;][vc_column width=&#8221;1\/2&#8243;][vc_column_text]<\/p>\n<h3>Yhteystiedot<\/h3>\n<p>[\/vc_column_text][vc_separator type=&#8221;transparent&#8221; up=&#8221;22&#8243; down=&#8221;0&#8243;][vc_column_text]Jyrki Rytil\u00e4 vastaa Suomen TRE-ohjaajakoulutuksesta. H\u00e4n on yhdyshenkil\u00f6 TRE:n maailmanlaajuiseen organisaatioon ja t\u00e4m\u00e4n <a href=\"http:\/\/www.trefinland.fi\">trefinland.fi<\/a> -sivuston yll\u00e4pit\u00e4j\u00e4.<\/p>\n<p>[\/vc_column_text][vc_separator type=&#8221;transparent&#8221; up=&#8221;26&#8243; down=&#8221;0&#8243;][vc_column_text]<span style=\"color: #222222;\">Jyrki Rytil\u00e4<br \/>\n<\/span><\/p>\n<p><span style=\"color: #222222;\">TRE Certification Trainer, DI<br \/>\n040 558 6466<br \/>\n<\/span><span style=\"color: #1abc9c;\"><a href=\"mailto:jyrki.rytila@me.com\">jyrki.rytila@me.com<\/a><br \/>\n<a href=\"http:\/\/www.trefinland.fi\">www.trefinland.fi<\/a><\/span>[\/vc_column_text][vc_separator type=&#8221;transparent&#8221; up=&#8221;40&#8243; down=&#8221;0&#8243;][vc_column_text][\/vc_column_text][vc_separator type=&#8221;transparent&#8221;][vc_column_text][\/vc_column_text][\/vc_column][vc_column width=&#8221;1\/2&#8243;][vc_column_text]<\/p>\n<h3>Miss\u00e4 harrastaa?<\/h3>\n<p>[\/vc_column_text][vc_separator type=&#8221;transparent&#8221; up=&#8221;22&#8243; down=&#8221;0&#8243;][vc_column_text]<\/p>\n<p>L\u00f6yd\u00e4t eri paikkakuntien TRE-ohjaajien yhteystiedot kohdan <a href=\"http:\/\/www.trento.fi\/?page_id=13\" target=\"_blank\" rel=\"noopener noreferrer\">OHJAAJAT<\/a>\u00a0alta.<\/p>\n<p>[\/vc_column_text][vc_separator type=&#8221;transparent&#8221; up=&#8221;26&#8243; down=&#8221;0&#8243;][vc_separator type=&#8221;transparent&#8221; up=&#8221;40&#8243; down=&#8221;0&#8243;][\/vc_column][\/vc_row]<\/p>\n","protected":false},"excerpt":{"rendered":"<p>[vc_row css_animation=&#8221;&#8221; row_type=&#8221;row&#8221; use_row_as_full_screen_section=&#8221;no&#8221; type=&#8221;grid&#8221; angled_section=&#8221;no&#8221; text_align=&#8221;left&#8221; background_image_as_pattern=&#8221;without_pattern&#8221; qaparallax_content_width=&#8221;in_grid&#8221; padding_top=&#8221;80&#8243; padding_bottom=&#8221;49&#8243;][vc_column width=&#8221;1\/2&#8243;][vc_column_text] Yhteystiedot [\/vc_column_text][vc_separator type=&#8221;transparent&#8221; up=&#8221;22&#8243; down=&#8221;0&#8243;][vc_column_text]Jyrki Rytil\u00e4 vastaa Suomen TRE-ohjaajakoulutuksesta. H\u00e4n on yhdyshenkil\u00f6 TRE:n maailmanlaajuiseen organisaatioon ja t\u00e4m\u00e4n trefinland.fi -sivuston yll\u00e4pit\u00e4j\u00e4. [\/vc_column_text][vc_separator type=&#8221;transparent&#8221; up=&#8221;26&#8243; down=&#8221;0&#8243;][vc_column_text]Jyrki Rytil\u00e4 TRE Certification Trainer, DI 040 558 6466 jyrki.rytila@me.com&#8230;<\/p>\n","protected":false},"author":2,"featured_media":0,"parent":0,"menu_order":0,"comment_status":"open","ping_status":"open","template":"full_width.php","meta":{"footnotes":""},"class_list":["post-15445","page","type-page","status-publish","hentry"],"_links":{"self":[{"href":"https:\/\/trefinland.fi\/index.php?rest_route=\/wp\/v2\/pages\/15445","targetHints":{"allow":["GET"]}}],"collection":[{"href":"https:\/\/trefinland.fi\/index.php?rest_route=\/wp\/v2\/pages"}],"about":[{"href":"https:\/\/trefinland.fi\/index.php?rest_route=\/wp\/v2\/types\/page"}],"author":[{"embeddable":true,"href":"https:\/\/trefinland.fi\/index.php?rest_route=\/wp\/v2\/users\/2"}],"replies":[{"embeddable":true,"href":"https:\/\/trefinland.fi\/index.php?rest_route=%2Fwp%2Fv2%2Fcomments&post=15445"}],"version-history":[{"count":18,"href":"https:\/\/trefinland.fi\/index.php?rest_route=\/wp\/v2\/pages\/15445\/revisions"}],"predecessor-version":[{"id":18722,"href":"https:\/\/trefinland.fi\/index.php?rest_route=\/wp\/v2\/pages\/15445\/revisions\/18722"}],"wp:attachment":[{"href":"https:\/\/trefinland.fi\/index.php?rest_route=%2Fwp%2Fv2%2Fmedia&parent=15445"}],"curies":[{"name":"wp","href":"https:\/\/api.w.org\/{rel}","templated":true}]}}