{"id":15532,"date":"2015-07-08T18:12:38","date_gmt":"2015-07-08T15:12:38","guid":{"rendered":"http:\/\/www.trento.fi\/?page_id=15532"},"modified":"2020-01-28T13:45:18","modified_gmt":"2020-01-28T11:45:18","slug":"ohjaajakoulutuskalenteri","status":"publish","type":"page","link":"https:\/\/trefinland.fi\/?page_id=15532","title":{"rendered":"Koulutusjaksot"},"content":{"rendered":"<p>TRE -ohjaajakoulutus, Certified TRE\u00ae Provider Training Program, koostuu kahdesta kolmen p\u00e4iv\u00e4n koulutusmoduulista, moduuli 1 ja moduuli 2, ja niihin liittyv\u00e4st\u00e4 ohjausharjoittelusta. Kumpaankin moduuliin pit\u00e4\u00e4 osallistua kerran. Kurssiin kuuluu ohjausharjoittelua v\u00e4hint\u00e4\u00e4n 8 p\u00e4iv\u00e4\u00e4. Suositeltavaa on v\u00e4hint\u00e4\u00e4n nelj\u00e4 harjoitusp\u00e4iv\u00e4\u00e4 modulin 1 j\u00e4lkeen ennen modulia 2, ja v\u00e4hint\u00e4\u00e4n nelj\u00e4 harjoitusp\u00e4iv\u00e4\u00e4 modulin 2 j\u00e4lkeen, yhteens\u00e4 v\u00e4hint\u00e4\u00e4n kahdeksan harjoitusp\u00e4iv\u00e4\u00e4.<br \/>\n<b> <\/b><br \/>\n<a href=\"http:\/\/www.trento.fi\/wp-content\/uploads\/2015\/07\/TRE-5.jpg\"><img loading=\"lazy\" decoding=\"async\" class=\"alignnone wp-image-15557 size-large\" src=\"http:\/\/www.trento.fi\/wp-content\/uploads\/2015\/07\/TRE-5-1024x376.jpg\" alt=\"TRE-5\" width=\"1024\" height=\"376\" srcset=\"https:\/\/www.trefinland.fi\/wp-content\/uploads\/2015\/07\/TRE-5-1024x376.jpg 1024w, https:\/\/www.trefinland.fi\/wp-content\/uploads\/2015\/07\/TRE-5-300x110.jpg 300w, https:\/\/www.trefinland.fi\/wp-content\/uploads\/2015\/07\/TRE-5-700x257.jpg 700w, https:\/\/www.trefinland.fi\/wp-content\/uploads\/2015\/07\/TRE-5.jpg 1533w\" sizes=\"auto, (max-width: 1024px) 100vw, 1024px\" \/><\/a><\/p>\n<p>&nbsp;<\/p>\n<p>&nbsp;<\/p>\n","protected":false},"excerpt":{"rendered":"<p>TRE -ohjaajakoulutus, Certified TRE\u00ae Provider Training Program, koostuu kahdesta kolmen p\u00e4iv\u00e4n koulutusmoduulista, moduuli 1 ja moduuli 2, ja niihin liittyv\u00e4st\u00e4 ohjausharjoittelusta. Kumpaankin moduuliin pit\u00e4\u00e4 osallistua kerran. Kurssiin kuuluu ohjausharjoittelua v\u00e4hint\u00e4\u00e4n 8 p\u00e4iv\u00e4\u00e4. Suositeltavaa on v\u00e4hint\u00e4\u00e4n nelj\u00e4 harjoitusp\u00e4iv\u00e4\u00e4 modulin 1 j\u00e4lkeen ennen modulia 2, ja v\u00e4hint\u00e4\u00e4n&#8230;<\/p>\n","protected":false},"author":2,"featured_media":0,"parent":21,"menu_order":0,"comment_status":"closed","ping_status":"closed","template":"","meta":{"footnotes":""},"class_list":["post-15532","page","type-page","status-publish","hentry"],"_links":{"self":[{"href":"https:\/\/trefinland.fi\/index.php?rest_route=\/wp\/v2\/pages\/15532","targetHints":{"allow":["GET"]}}],"collection":[{"href":"https:\/\/trefinland.fi\/index.php?rest_route=\/wp\/v2\/pages"}],"about":[{"href":"https:\/\/trefinland.fi\/index.php?rest_route=\/wp\/v2\/types\/page"}],"author":[{"embeddable":true,"href":"https:\/\/trefinland.fi\/index.php?rest_route=\/wp\/v2\/users\/2"}],"replies":[{"embeddable":true,"href":"https:\/\/trefinland.fi\/index.php?rest_route=%2Fwp%2Fv2%2Fcomments&post=15532"}],"version-history":[{"count":25,"href":"https:\/\/trefinland.fi\/index.php?rest_route=\/wp\/v2\/pages\/15532\/revisions"}],"predecessor-version":[{"id":18180,"href":"https:\/\/trefinland.fi\/index.php?rest_route=\/wp\/v2\/pages\/15532\/revisions\/18180"}],"up":[{"embeddable":true,"href":"https:\/\/trefinland.fi\/index.php?rest_route=\/wp\/v2\/pages\/21"}],"wp:attachment":[{"href":"https:\/\/trefinland.fi\/index.php?rest_route=%2Fwp%2Fv2%2Fmedia&parent=15532"}],"curies":[{"name":"wp","href":"https:\/\/api.w.org\/{rel}","templated":true}]}}