{"id":19526,"date":"2025-09-07T14:27:22","date_gmt":"2025-09-07T11:27:22","guid":{"rendered":"https:\/\/www.trefinland.fi\/?page_id=19526"},"modified":"2026-01-28T14:03:33","modified_gmt":"2026-01-28T12:03:33","slug":"tre-jatkoryhma-10-9-17-12-2025-helsinki","status":"publish","type":"page","link":"https:\/\/trefinland.fi\/?page_id=19526","title":{"rendered":"TRE-jatkoryhm\u00e4 28.1.-3.6.2026 Helsinki"},"content":{"rendered":"<h1>TRE-jatkoryhm\u00e4 28.1.-3.6.2026 Helsinki<\/h1>\n<p>&nbsp;<\/p>\n<p data-start=\"144\" data-end=\"344\"><span style=\"font-family: Avenir-Book;\">Nyt on aika jatkaa matkaa \u2013 syksyn TRE-jatkoryhm\u00e4 kutsuu sinut mukaan syvent\u00e4m\u00e4\u00e4n omaa harjoitteluasi ja kokemustasi.<\/span><\/p>\n<p>&nbsp;<\/p>\n<p data-start=\"346\" data-end=\"639\"><span style=\"font-family: Avenir-Book;\"><strong data-start=\"346\" data-end=\"369\">Miksi jatkoryhm\u00e4\u00e4n?<\/strong><br data-start=\"369\" data-end=\"372\" \/>Jatkoryhm\u00e4 tarjoaa tilan, jossa voit vahvistaa kehon ja mielen yhteytt\u00e4, syvent\u00e4\u00e4 jo oppimaasi ja kohdata harjoituksissa esiin nousevia ilmi\u00f6it\u00e4 yhdess\u00e4 muiden TRE:st\u00e4 kiinnostuneiden kanssa. Kev\u00e4\u00e4n pohjalle on hyv\u00e4 rakentaa lis\u00e4\u00e4 vapautta, l\u00e4sn\u00e4oloa ja tasapainoa.<\/span><\/p>\n<hr data-start=\"641\" data-end=\"644\" \/>\n<h3 data-start=\"646\" data-end=\"675\"><span style=\"font-family: Avenir-Book;\">TRE-jatkoryhm\u00e4 kev\u00e4t 2026<\/span><\/h3>\n<p data-start=\"679\" data-end=\"802\"><span style=\"font-family: Avenir-Book;\"><strong data-start=\"679\" data-end=\"688\">Aika:<\/strong>\u00a0joka toinen keskiviikko klo 17.15\u201318.45<br \/>\n<br data-start=\"728\" data-end=\"731\" \/>P\u00e4iv\u00e4t: 28.1. ryhm\u00e4 alkaa<br \/>\n11.2.<br \/>\n25.2.<br \/>\n11.3.<br \/>\n25.3.<br \/>\n8.4.<br \/>\n22.4.<br \/>\n6.5.<br \/>\n20.5.<br \/>\n3.6. ryhm\u00e4 p\u00e4\u00e4ttyy<\/span><\/p>\n<p data-start=\"806\" data-end=\"934\"><span style=\"font-family: Avenir-Book;\"><strong data-start=\"806\" data-end=\"817\">Paikka:<\/strong>\u00a0Studio Kiskoteka, Kirvesmiehenkatu 10 A, Helsinki<br data-start=\"867\" data-end=\"870\" \/>(edess\u00e4 maksutonta pys\u00e4k\u00f6intitilaa, pys\u00e4k\u00f6intikiekko mukaan)<\/span><\/p>\n<p data-start=\"938\" data-end=\"1052\"><span style=\"font-family: Avenir-Book;\"><strong data-start=\"938\" data-end=\"950\">Kenelle:<\/strong>\u00a0TRE-alkeet k\u00e4yneille, TRE-ohjaajille ja -opiskelijoille sek\u00e4 aiemmin jatkoryhm\u00e4ss\u00e4 mukana olleille.<\/span><\/p>\n<p data-start=\"1056\" data-end=\"1156\"><span style=\"font-family: Avenir-Book;\"><strong data-start=\"1056\" data-end=\"1066\">Hinta:<\/strong> 30 \u20ac \/ kerta (sis. ALV 13,5 %)<br data-start=\"1095\" data-end=\"1098\" \/>Koko kev\u00e4tkausi 210 \u20ac (\u201330 % alennus kausimaksusta).<\/span><\/p>\n<p data-start=\"1160\" data-end=\"1227\"><span style=\"font-family: Avenir-Book;\"><strong data-start=\"1160\" data-end=\"1172\">Ohjaaja:<\/strong>\u00a0Jyrki Rytil\u00e4, TRE-kouluttaja, hahmoterapeutti ja DI.<\/span><\/p>\n<p data-start=\"1231\" data-end=\"1320\"><span style=\"font-family: Avenir-Book;\"><strong data-start=\"1231\" data-end=\"1247\">Mit\u00e4 mukaan:<\/strong>\u00a0joustava vaatetus, alusta (tai k\u00e4yt\u00e4 salin joogamattoja) ja vesipullo.<\/span><\/p>\n<hr data-start=\"1322\" data-end=\"1325\" \/>\n<h3 data-start=\"1327\" data-end=\"1363\"><\/h3>\n<h3 data-start=\"1327\" data-end=\"1363\"><span style=\"font-family: Avenir-Book;\">Ilmoittautuminen ja maksaminen<\/span><\/h3>\n<p data-start=\"1364\" data-end=\"1647\"><span style=\"font-family: Avenir-Book;\">Paikan voit varmistaa helposti varaamalla koko kauden kerralla \u2013 se on sek\u00e4 edullisin ett\u00e4 selkein vaihtoehto. Halutessasi voit osallistua my\u00f6s yksitt\u00e4isiin kertoihin. Maksu onnistuu Paytrailin kautta sek\u00e4 Smartum-, Epassi-, Edenred- ja Eazybreak-edulla. Lasku on my\u00f6s mahdollinen.<\/span><\/p>\n<p>&nbsp;<\/p>\n<div>\n<div class=\"apple-rich-link\" role=\"link\" draggable=\"true\" data-url=\"https:\/\/kiskoteka.com\/event\/tre-jatkoryhma-10-9-17-12-2025-helsinki\/\">Ilmoittaudu mukaan <a href=\"https:\/\/kiskoteka.com\/event\/tre-jatkoryhma-28-1-13-6-2026-helsinki\/\"><strong>T\u00c4SS\u00c4<\/strong><\/a><\/div>\n<\/div>\n<div>\n<div class=\"\">\n<div class=\"apple-rich-link\" role=\"link\" draggable=\"true\" data-url=\"https:\/\/kiskoteka.com\/event\/tre-jatkoryhma-10-9-17-12-2025-helsinki\/\"><\/div>\n<\/div>\n<\/div>\n<p>&nbsp;<\/p>\n<hr data-start=\"1649\" data-end=\"1652\" \/>\n<p data-start=\"1654\" data-end=\"1856\"><span style=\"font-family: Avenir-Book;\">Viie syksyn harjoitukset avasivat jo monelle uusia v\u00e4yli\u00e4 rentoutumiseen ja l\u00e4sn\u00e4oloon. Kev\u00e4\u00e4n jatkoryhm\u00e4ss\u00e4 p\u00e4\u00e4set syvent\u00e4m\u00e4\u00e4n t\u00e4t\u00e4 kokemusta ja vahvistamaan kehon luonnollista kyky\u00e4 palautua ja vapautua.<\/span><\/p>\n<p data-start=\"1858\" data-end=\"1913\"><span style=\"font-family: Avenir-Book;\">L\u00e4mpim\u00e4sti tervetuloa jatkamaan harjoitusta kev\u00e4\u00e4ll\u00e4!<\/span><\/p>\n<p>&nbsp;<\/p>\n<p data-start=\"1915\" data-end=\"1955\"><span style=\"font-family: Avenir-Book;\">Yst\u00e4v\u00e4llisin terveisin,<br data-start=\"1938\" data-end=\"1941\" \/>Jyrki Rytil\u00e4 \/\/ TRE Finland<\/span><\/p>\n<p data-start=\"1915\" data-end=\"1955\"><span style=\"font-family: Avenir-Book;\">040 558 6466<\/span><\/p>\n<div><\/div>\n<div>\u2026<\/div>\n<div><\/div>\n<p>&nbsp;<\/p>\n<p>&nbsp;<\/p>\n","protected":false},"excerpt":{"rendered":"<p>TRE-jatkoryhm\u00e4 28.1.-3.6.2026 Helsinki &nbsp; Nyt on aika jatkaa matkaa \u2013 syksyn TRE-jatkoryhm\u00e4 kutsuu sinut mukaan syvent\u00e4m\u00e4\u00e4n omaa harjoitteluasi ja kokemustasi. &nbsp; Miksi jatkoryhm\u00e4\u00e4n?Jatkoryhm\u00e4 tarjoaa tilan, jossa voit vahvistaa kehon ja mielen yhteytt\u00e4, syvent\u00e4\u00e4 jo oppimaasi ja kohdata harjoituksissa esiin nousevia ilmi\u00f6it\u00e4 yhdess\u00e4 muiden TRE:st\u00e4 kiinnostuneiden&#8230;<\/p>\n","protected":false},"author":1,"featured_media":0,"parent":15595,"menu_order":0,"comment_status":"closed","ping_status":"closed","template":"","meta":{"footnotes":""},"class_list":["post-19526","page","type-page","status-publish","hentry"],"_links":{"self":[{"href":"https:\/\/trefinland.fi\/index.php?rest_route=\/wp\/v2\/pages\/19526","targetHints":{"allow":["GET"]}}],"collection":[{"href":"https:\/\/trefinland.fi\/index.php?rest_route=\/wp\/v2\/pages"}],"about":[{"href":"https:\/\/trefinland.fi\/index.php?rest_route=\/wp\/v2\/types\/page"}],"author":[{"embeddable":true,"href":"https:\/\/trefinland.fi\/index.php?rest_route=\/wp\/v2\/users\/1"}],"replies":[{"embeddable":true,"href":"https:\/\/trefinland.fi\/index.php?rest_route=%2Fwp%2Fv2%2Fcomments&post=19526"}],"version-history":[{"count":13,"href":"https:\/\/trefinland.fi\/index.php?rest_route=\/wp\/v2\/pages\/19526\/revisions"}],"predecessor-version":[{"id":19596,"href":"https:\/\/trefinland.fi\/index.php?rest_route=\/wp\/v2\/pages\/19526\/revisions\/19596"}],"up":[{"embeddable":true,"href":"https:\/\/trefinland.fi\/index.php?rest_route=\/wp\/v2\/pages\/15595"}],"wp:attachment":[{"href":"https:\/\/trefinland.fi\/index.php?rest_route=%2Fwp%2Fv2%2Fmedia&parent=19526"}],"curies":[{"name":"wp","href":"https:\/\/api.w.org\/{rel}","templated":true}]}}