{"id":7,"date":"2015-03-25T12:28:09","date_gmt":"2015-03-25T10:28:09","guid":{"rendered":"http:\/\/www.trento.fi\/?page_id=7"},"modified":"2015-09-30T04:14:09","modified_gmt":"2015-09-30T01:14:09","slug":"tre-prosessi","status":"publish","type":"page","link":"https:\/\/trefinland.fi\/?page_id=7","title":{"rendered":"TRE-prosessi"},"content":{"rendered":"<p><a href=\"http:\/\/www.trento.fi\/wp-content\/uploads\/2015\/09\/DSCF1589.jpg\"><img loading=\"lazy\" decoding=\"async\" class=\"wp-image-15691 size-medium alignright\" src=\"http:\/\/www.trento.fi\/wp-content\/uploads\/2015\/09\/DSCF1589-300x200.jpg\" alt=\"\" width=\"300\" height=\"200\" srcset=\"https:\/\/www.trefinland.fi\/wp-content\/uploads\/2015\/09\/DSCF1589-300x200.jpg 300w, https:\/\/www.trefinland.fi\/wp-content\/uploads\/2015\/09\/DSCF1589-1024x683.jpg 1024w, https:\/\/www.trefinland.fi\/wp-content\/uploads\/2015\/09\/DSCF1589-700x467.jpg 700w\" sizes=\"auto, (max-width: 300px) 100vw, 300px\" \/><\/a><\/p>\n<p>TRE-harjoitus k\u00e4ynnist\u00e4\u00e4 luonnollisen palautumismekanismin, joka purkaa kehon j\u00e4nnitystiloja. TRE:n perusteet on suositeltavaa opetella peruskurssilla tai TRE-ohjaajan yksil\u00f6ohjauksessa. Sertifioidut TRE-ohjaajat auttavat prosessin alkuun, ja heilt\u00e4 saa apua my\u00f6s my\u00f6hemmiss\u00e4 vaiheissa.<\/p>\n<p>&nbsp;<\/p>\n","protected":false},"excerpt":{"rendered":"<p>TRE-harjoitus k\u00e4ynnist\u00e4\u00e4 luonnollisen palautumismekanismin, joka purkaa kehon j\u00e4nnitystiloja. TRE:n perusteet on suositeltavaa opetella peruskurssilla tai TRE-ohjaajan yksil\u00f6ohjauksessa. Sertifioidut TRE-ohjaajat auttavat prosessin alkuun, ja heilt\u00e4 saa apua my\u00f6s my\u00f6hemmiss\u00e4 vaiheissa. &nbsp;<\/p>\n","protected":false},"author":1,"featured_media":0,"parent":0,"menu_order":0,"comment_status":"closed","ping_status":"closed","template":"","meta":{"footnotes":""},"class_list":["post-7","page","type-page","status-publish","hentry"],"_links":{"self":[{"href":"https:\/\/trefinland.fi\/index.php?rest_route=\/wp\/v2\/pages\/7","targetHints":{"allow":["GET"]}}],"collection":[{"href":"https:\/\/trefinland.fi\/index.php?rest_route=\/wp\/v2\/pages"}],"about":[{"href":"https:\/\/trefinland.fi\/index.php?rest_route=\/wp\/v2\/types\/page"}],"author":[{"embeddable":true,"href":"https:\/\/trefinland.fi\/index.php?rest_route=\/wp\/v2\/users\/1"}],"replies":[{"embeddable":true,"href":"https:\/\/trefinland.fi\/index.php?rest_route=%2Fwp%2Fv2%2Fcomments&post=7"}],"version-history":[{"count":7,"href":"https:\/\/trefinland.fi\/index.php?rest_route=\/wp\/v2\/pages\/7\/revisions"}],"predecessor-version":[{"id":15717,"href":"https:\/\/trefinland.fi\/index.php?rest_route=\/wp\/v2\/pages\/7\/revisions\/15717"}],"wp:attachment":[{"href":"https:\/\/trefinland.fi\/index.php?rest_route=%2Fwp%2Fv2%2Fmedia&parent=7"}],"curies":[{"name":"wp","href":"https:\/\/api.w.org\/{rel}","templated":true}]}}